

{"id":462,"date":"2023-12-19T00:07:02","date_gmt":"2023-12-19T05:07:02","guid":{"rendered":"https:\/\/numericadentaire.ca\/conditions-dutilisation\/"},"modified":"2024-04-11T16:09:11","modified_gmt":"2024-04-11T20:09:11","slug":"terms-of-use","status":"publish","type":"page","link":"https:\/\/numericadentaire.ca\/en\/terms-of-use\/","title":{"rendered":"Terms of use"},"content":{"rendered":"<p><strong>Legal notes<\/strong><\/p>\n<p>Please read the terms and conditions of access and use of the Num\u00e9rica Dentaire website before using it. By accessing and browsing this site, you signify your assent to and acceptance of the terms and conditions associated with its use. If you do not agree, please do not use this site again.<\/p>\n<p><strong>Accuracy of information<\/strong><\/p>\n<p>Num\u00e9rica Dentaire is committed to providing accurate, high-quality information. However, the information contained in this site is for informational purposes only. In the event of any discrepancy between Num\u00e9rica Dentaire's policies and the information contained in this site, Num\u00e9rica Dentaire's policies shall prevail. Num\u00e9rica Dentaire reserves the right to modify the information on this site at any time without notice.<\/p>\n<p><strong>Reproduction and references<\/strong><\/p>\n<p>It is forbidden to sell, distribute, publish, display, modify, copy, reproduce or reuse in any way the content of this site, including without limitation text, images or any other document without obtaining written permission from Num\u00e9rica Dentaire. It is also forbidden to create hyperlinks to this site or to exploit this site in any way without the prior written consent of Num\u00e9rica Dentaire.<\/p>\n<p><strong>Copyright<\/strong><\/p>\n<p>The contents of this site are protected by copyright laws and may not be used for commercial purposes without the written permission of Num\u00e9rica Dentaire. Without limiting the foregoing, images or locations displayed on this site are the property of, or used with permission by, Num\u00e9rica Dentaire. Use of these images by any other party is prohibited unless prior copyright clearance has been obtained.<\/p>\n<p><strong>Limitation of liability<\/strong><\/p>\n<p>Num\u00e9rica Dentaire does not warrant that information or material accessed directly from the site or through suggested links will be uninterrupted, error-free, error-prone, free of viruses or other harmful components, or that any such problems which are discovered will be corrected.<\/p>\n<p><strong>Modification of Site Consultation Terms<\/strong><\/p>\n<p>Num\u00e9rica Dentaire may, at any time, change the terms related to the consultation of its Internet site by updating this text. It is the site user's responsibility to review this agreement for recent updates. Num\u00e9rica Dentaire may, at its discretion, modify, suspend, discontinue or restrict the use of any portion of its site at any time without notice or liability.<\/p>\n<p><strong>Jurisdiction<\/strong><\/p>\n<p>This agreement shall be governed in all respects by the laws in force in the Province of Quebec. Any dispute relating to the interpretation, application or execution of this agreement shall be settled by the competent courts sitting in the province of Quebec.<\/p>\n","protected":false},"excerpt":{"rendered":"<p>Legal notes Please read the terms and conditions of access and use of the Num\u00e9rica Dentaire website before using it. By accessing and browsing this site, you signify your assent to and acceptance of the terms and conditions associated with its use. If you do not agree, please do not use this site again. Accuracy [&hellip;]<\/p>\n","protected":false},"author":1,"featured_media":298,"parent":0,"menu_order":0,"comment_status":"closed","ping_status":"closed","template":"page-plain-no-sidebar.php","meta":{"_acf_changed":false,"footnotes":""},"class_list":["post-462","page","type-page","status-publish","has-post-thumbnail","hentry"],"acf":[],"yoast_head":"<!-- This site is optimized with the Yoast SEO plugin v26.8 - https:\/\/yoast.com\/product\/yoast-seo-wordpress\/ -->\n<title>Terms of use - Num\u00e9rica Dentaire<\/title>\n<meta name=\"robots\" content=\"index, follow, max-snippet:-1, max-image-preview:large, max-video-preview:-1\" \/>\n<link rel=\"canonical\" href=\"https:\/\/numericadentaire.ca\/en\/terms-of-use\/\" \/>\n<meta property=\"og:locale\" content=\"en_US\" \/>\n<meta property=\"og:type\" content=\"article\" \/>\n<meta property=\"og:title\" content=\"Terms of use - Num\u00e9rica Dentaire\" \/>\n<meta property=\"og:description\" content=\"Legal notes Please read the terms and conditions of access and use of the Num\u00e9rica Dentaire website before using it. By accessing and browsing this site, you signify your assent to and acceptance of the terms and conditions associated with its use. If you do not agree, please do not use this site again. Accuracy [&hellip;]\" \/>\n<meta property=\"og:url\" content=\"https:\/\/numericadentaire.ca\/en\/terms-of-use\/\" \/>\n<meta property=\"og:site_name\" content=\"Num\u00e9rica Dentaire\" \/>\n<meta property=\"article:publisher\" content=\"https:\/\/www.facebook.com\/numericadentaire.ca\" \/>\n<meta property=\"article:modified_time\" content=\"2024-04-11T20:09:11+00:00\" \/>\n<meta property=\"og:image\" content=\"https:\/\/numericadentaire.ca\/wp-content\/uploads\/2023\/12\/bg-plain.jpg\" \/>\n\t<meta property=\"og:image:width\" content=\"3000\" \/>\n\t<meta property=\"og:image:height\" content=\"498\" \/>\n\t<meta property=\"og:image:type\" content=\"image\/jpeg\" \/>\n<meta name=\"twitter:card\" content=\"summary_large_image\" \/>\n<meta name=\"twitter:label1\" content=\"Est. reading time\" \/>\n\t<meta name=\"twitter:data1\" content=\"3 minutes\" \/>\n<script type=\"application\/ld+json\" class=\"yoast-schema-graph\">{\"@context\":\"https:\/\/schema.org\",\"@graph\":[{\"@type\":\"WebPage\",\"@id\":\"https:\/\/numericadentaire.ca\/en\/terms-of-use\/\",\"url\":\"https:\/\/numericadentaire.ca\/en\/terms-of-use\/\",\"name\":\"Terms of use - Num\u00e9rica Dentaire\",\"isPartOf\":{\"@id\":\"https:\/\/numericadentaire.ca\/en\/#website\"},\"primaryImageOfPage\":{\"@id\":\"https:\/\/numericadentaire.ca\/en\/terms-of-use\/#primaryimage\"},\"image\":{\"@id\":\"https:\/\/numericadentaire.ca\/en\/terms-of-use\/#primaryimage\"},\"thumbnailUrl\":\"https:\/\/numericadentaire.ca\/wp-content\/uploads\/2023\/12\/bg-plain.jpg\",\"datePublished\":\"2023-12-19T05:07:02+00:00\",\"dateModified\":\"2024-04-11T20:09:11+00:00\",\"breadcrumb\":{\"@id\":\"https:\/\/numericadentaire.ca\/en\/terms-of-use\/#breadcrumb\"},\"inLanguage\":\"en-US\",\"potentialAction\":[{\"@type\":\"ReadAction\",\"target\":[\"https:\/\/numericadentaire.ca\/en\/terms-of-use\/\"]}]},{\"@type\":\"ImageObject\",\"inLanguage\":\"en-US\",\"@id\":\"https:\/\/numericadentaire.ca\/en\/terms-of-use\/#primaryimage\",\"url\":\"https:\/\/numericadentaire.ca\/wp-content\/uploads\/2023\/12\/bg-plain.jpg\",\"contentUrl\":\"https:\/\/numericadentaire.ca\/wp-content\/uploads\/2023\/12\/bg-plain.jpg\",\"width\":3000,\"height\":498},{\"@type\":\"BreadcrumbList\",\"@id\":\"https:\/\/numericadentaire.ca\/en\/terms-of-use\/#breadcrumb\",\"itemListElement\":[{\"@type\":\"ListItem\",\"position\":1,\"name\":\"Accueil\",\"item\":\"https:\/\/numericadentaire.ca\/en\/\"},{\"@type\":\"ListItem\",\"position\":2,\"name\":\"Terms of use\"}]},{\"@type\":\"WebSite\",\"@id\":\"https:\/\/numericadentaire.ca\/en\/#website\",\"url\":\"https:\/\/numericadentaire.ca\/en\/\",\"name\":\"Num\u00e9rica Dentaire\",\"description\":\"Services dentaires num\u00e9riques\",\"publisher\":{\"@id\":\"https:\/\/numericadentaire.ca\/en\/#organization\"},\"potentialAction\":[{\"@type\":\"SearchAction\",\"target\":{\"@type\":\"EntryPoint\",\"urlTemplate\":\"https:\/\/numericadentaire.ca\/en\/?s={search_term_string}\"},\"query-input\":{\"@type\":\"PropertyValueSpecification\",\"valueRequired\":true,\"valueName\":\"search_term_string\"}}],\"inLanguage\":\"en-US\"},{\"@type\":\"Organization\",\"@id\":\"https:\/\/numericadentaire.ca\/en\/#organization\",\"name\":\"Num\u00e9rica Dentaire\",\"url\":\"https:\/\/numericadentaire.ca\/en\/\",\"logo\":{\"@type\":\"ImageObject\",\"inLanguage\":\"en-US\",\"@id\":\"https:\/\/numericadentaire.ca\/en\/#\/schema\/logo\/image\/\",\"url\":\"https:\/\/numericadentaire.ca\/wp-content\/uploads\/2023\/12\/numerica-dentaire-logo.png\",\"contentUrl\":\"https:\/\/numericadentaire.ca\/wp-content\/uploads\/2023\/12\/numerica-dentaire-logo.png\",\"width\":274,\"height\":88,\"caption\":\"Num\u00e9rica Dentaire\"},\"image\":{\"@id\":\"https:\/\/numericadentaire.ca\/en\/#\/schema\/logo\/image\/\"},\"sameAs\":[\"https:\/\/www.facebook.com\/numericadentaire.ca\"]}]}<\/script>\n<!-- \/ Yoast SEO plugin. -->","yoast_head_json":{"title":"Terms of use - Num\u00e9rica Dentaire","robots":{"index":"index","follow":"follow","max-snippet":"max-snippet:-1","max-image-preview":"max-image-preview:large","max-video-preview":"max-video-preview:-1"},"canonical":"https:\/\/numericadentaire.ca\/en\/terms-of-use\/","og_locale":"en_US","og_type":"article","og_title":"Terms of use - Num\u00e9rica Dentaire","og_description":"Legal notes Please read the terms and conditions of access and use of the Num\u00e9rica Dentaire website before using it. By accessing and browsing this site, you signify your assent to and acceptance of the terms and conditions associated with its use. If you do not agree, please do not use this site again. Accuracy [&hellip;]","og_url":"https:\/\/numericadentaire.ca\/en\/terms-of-use\/","og_site_name":"Num\u00e9rica Dentaire","article_publisher":"https:\/\/www.facebook.com\/numericadentaire.ca","article_modified_time":"2024-04-11T20:09:11+00:00","og_image":[{"width":3000,"height":498,"url":"https:\/\/numericadentaire.ca\/wp-content\/uploads\/2023\/12\/bg-plain.jpg","type":"image\/jpeg"}],"twitter_card":"summary_large_image","twitter_misc":{"Est. reading time":"3 minutes"},"schema":{"@context":"https:\/\/schema.org","@graph":[{"@type":"WebPage","@id":"https:\/\/numericadentaire.ca\/en\/terms-of-use\/","url":"https:\/\/numericadentaire.ca\/en\/terms-of-use\/","name":"Terms of use - Num\u00e9rica Dentaire","isPartOf":{"@id":"https:\/\/numericadentaire.ca\/en\/#website"},"primaryImageOfPage":{"@id":"https:\/\/numericadentaire.ca\/en\/terms-of-use\/#primaryimage"},"image":{"@id":"https:\/\/numericadentaire.ca\/en\/terms-of-use\/#primaryimage"},"thumbnailUrl":"https:\/\/numericadentaire.ca\/wp-content\/uploads\/2023\/12\/bg-plain.jpg","datePublished":"2023-12-19T05:07:02+00:00","dateModified":"2024-04-11T20:09:11+00:00","breadcrumb":{"@id":"https:\/\/numericadentaire.ca\/en\/terms-of-use\/#breadcrumb"},"inLanguage":"en-US","potentialAction":[{"@type":"ReadAction","target":["https:\/\/numericadentaire.ca\/en\/terms-of-use\/"]}]},{"@type":"ImageObject","inLanguage":"en-US","@id":"https:\/\/numericadentaire.ca\/en\/terms-of-use\/#primaryimage","url":"https:\/\/numericadentaire.ca\/wp-content\/uploads\/2023\/12\/bg-plain.jpg","contentUrl":"https:\/\/numericadentaire.ca\/wp-content\/uploads\/2023\/12\/bg-plain.jpg","width":3000,"height":498},{"@type":"BreadcrumbList","@id":"https:\/\/numericadentaire.ca\/en\/terms-of-use\/#breadcrumb","itemListElement":[{"@type":"ListItem","position":1,"name":"Accueil","item":"https:\/\/numericadentaire.ca\/en\/"},{"@type":"ListItem","position":2,"name":"Terms of use"}]},{"@type":"WebSite","@id":"https:\/\/numericadentaire.ca\/en\/#website","url":"https:\/\/numericadentaire.ca\/en\/","name":"Num\u00e9rica Dentaire","description":"Services dentaires num\u00e9riques","publisher":{"@id":"https:\/\/numericadentaire.ca\/en\/#organization"},"potentialAction":[{"@type":"SearchAction","target":{"@type":"EntryPoint","urlTemplate":"https:\/\/numericadentaire.ca\/en\/?s={search_term_string}"},"query-input":{"@type":"PropertyValueSpecification","valueRequired":true,"valueName":"search_term_string"}}],"inLanguage":"en-US"},{"@type":"Organization","@id":"https:\/\/numericadentaire.ca\/en\/#organization","name":"Num\u00e9rica Dentaire","url":"https:\/\/numericadentaire.ca\/en\/","logo":{"@type":"ImageObject","inLanguage":"en-US","@id":"https:\/\/numericadentaire.ca\/en\/#\/schema\/logo\/image\/","url":"https:\/\/numericadentaire.ca\/wp-content\/uploads\/2023\/12\/numerica-dentaire-logo.png","contentUrl":"https:\/\/numericadentaire.ca\/wp-content\/uploads\/2023\/12\/numerica-dentaire-logo.png","width":274,"height":88,"caption":"Num\u00e9rica Dentaire"},"image":{"@id":"https:\/\/numericadentaire.ca\/en\/#\/schema\/logo\/image\/"},"sameAs":["https:\/\/www.facebook.com\/numericadentaire.ca"]}]}},"_links":{"self":[{"href":"https:\/\/numericadentaire.ca\/en\/wp-json\/wp\/v2\/pages\/462","targetHints":{"allow":["GET"]}}],"collection":[{"href":"https:\/\/numericadentaire.ca\/en\/wp-json\/wp\/v2\/pages"}],"about":[{"href":"https:\/\/numericadentaire.ca\/en\/wp-json\/wp\/v2\/types\/page"}],"author":[{"embeddable":true,"href":"https:\/\/numericadentaire.ca\/en\/wp-json\/wp\/v2\/users\/1"}],"replies":[{"embeddable":true,"href":"https:\/\/numericadentaire.ca\/en\/wp-json\/wp\/v2\/comments?post=462"}],"version-history":[{"count":1,"href":"https:\/\/numericadentaire.ca\/en\/wp-json\/wp\/v2\/pages\/462\/revisions"}],"predecessor-version":[{"id":463,"href":"https:\/\/numericadentaire.ca\/en\/wp-json\/wp\/v2\/pages\/462\/revisions\/463"}],"wp:featuredmedia":[{"embeddable":true,"href":"https:\/\/numericadentaire.ca\/en\/wp-json\/wp\/v2\/media\/298"}],"wp:attachment":[{"href":"https:\/\/numericadentaire.ca\/en\/wp-json\/wp\/v2\/media?parent=462"}],"curies":[{"name":"wp","href":"https:\/\/api.w.org\/{rel}","templated":true}]}}