

{"id":498,"date":"2023-12-18T22:57:28","date_gmt":"2023-12-19T03:57:28","guid":{"rendered":"https:\/\/numericadentaire.ca\/a-propos\/"},"modified":"2024-04-11T16:07:19","modified_gmt":"2024-04-11T20:07:19","slug":"about-numerica-dentaire","status":"publish","type":"page","link":"https:\/\/numericadentaire.ca\/en\/about-numerica-dentaire\/","title":{"rendered":"About us"},"content":{"rendered":"<p>The Num\u00e9rica Dentaire clinic was created by denturologist Beno\u00eet H\u00e9bert and his team, who have a combined 65 years' experience in the dental field and implantology. A pioneer in digital prosthetics (CAD\/CAM) in Canada, denturologist Beno\u00eet H\u00e9bert decided to go completely digital in 2018, in order to put all the advantages of 3D technologies to work for his patients. Since becoming your Num\u00e9rica Dentaire clinic, our team has never stopped innovating and advancing in the fabrication and service of complete digital prostheses from the dental chair to the laboratory. <\/p>\n<h3>A passion for digital denturology<\/h3>\n<p>In our new, modern premises with on-site dental surgeon and laboratory, the Num\u00e9rica Dentaire team has access to the latest technological advances and the best digital tools designed specifically for the production of partial and complete dentures. From needs assessment to treatment planning and prosthesis design, our professionals provide all denturological services under one roof. In a calm and reassuring environment, our patients are accompanied and informed at every stage of treatment towards a result that is ACCURATE, PREDICTABLE, SAFE and, above all, RENEWABLE at all times.<\/p>\n<div class=\"su-image-carousel  su-image-carousel-has-spacing su-image-carousel-adaptive su-image-carousel-slides-style-default su-image-carousel-controls-style-light su-image-carousel-align-none\" style=\"\" data-flickity-options='{\"groupCells\":true,\"cellSelector\":\".su-image-carousel-item\",\"adaptiveHeight\":true,\"cellAlign\":\"left\",\"prevNextButtons\":false,\"pageDots\":true,\"autoPlay\":5000,\"imagesLoaded\":true,\"contain\":false,\"selectedAttraction\":0.025,\"friction\":0.28}' id=\"su_image_carousel_69e35f4e864ec\"><div class=\"su-image-carousel-item\"><div class=\"su-image-carousel-item-content\"><img loading=\"lazy\" decoding=\"async\" width=\"800\" height=\"450\" src=\"https:\/\/numericadentaire.ca\/wp-content\/uploads\/2023\/12\/numerica-dentaire-1.jpg\" class=\"\" alt=\"\" srcset=\"https:\/\/numericadentaire.ca\/wp-content\/uploads\/2023\/12\/numerica-dentaire-1.jpg 800w, https:\/\/numericadentaire.ca\/wp-content\/uploads\/2023\/12\/numerica-dentaire-1-300x169.jpg 300w, https:\/\/numericadentaire.ca\/wp-content\/uploads\/2023\/12\/numerica-dentaire-1-768x432.jpg 768w\" sizes=\"auto, (max-width: 800px) 100vw, 800px\" \/><\/div><\/div><div class=\"su-image-carousel-item\"><div class=\"su-image-carousel-item-content\"><img loading=\"lazy\" decoding=\"async\" width=\"800\" height=\"450\" src=\"https:\/\/numericadentaire.ca\/wp-content\/uploads\/2023\/12\/numerica-dentaire-2.jpg\" class=\"\" alt=\"\" srcset=\"https:\/\/numericadentaire.ca\/wp-content\/uploads\/2023\/12\/numerica-dentaire-2.jpg 800w, https:\/\/numericadentaire.ca\/wp-content\/uploads\/2023\/12\/numerica-dentaire-2-300x169.jpg 300w, https:\/\/numericadentaire.ca\/wp-content\/uploads\/2023\/12\/numerica-dentaire-2-768x432.jpg 768w\" sizes=\"auto, (max-width: 800px) 100vw, 800px\" \/><\/div><\/div><div class=\"su-image-carousel-item\"><div class=\"su-image-carousel-item-content\"><img loading=\"lazy\" decoding=\"async\" width=\"800\" height=\"450\" src=\"https:\/\/numericadentaire.ca\/wp-content\/uploads\/2023\/12\/numerica-dentaire-3.jpg\" class=\"\" alt=\"\" srcset=\"https:\/\/numericadentaire.ca\/wp-content\/uploads\/2023\/12\/numerica-dentaire-3.jpg 800w, https:\/\/numericadentaire.ca\/wp-content\/uploads\/2023\/12\/numerica-dentaire-3-300x169.jpg 300w, https:\/\/numericadentaire.ca\/wp-content\/uploads\/2023\/12\/numerica-dentaire-3-768x432.jpg 768w\" sizes=\"auto, (max-width: 800px) 100vw, 800px\" \/><\/div><\/div><div class=\"su-image-carousel-item\"><div class=\"su-image-carousel-item-content\"><img loading=\"lazy\" decoding=\"async\" width=\"800\" height=\"450\" src=\"https:\/\/numericadentaire.ca\/wp-content\/uploads\/2023\/12\/numerica-dentaire-4.jpg\" class=\"\" alt=\"\" srcset=\"https:\/\/numericadentaire.ca\/wp-content\/uploads\/2023\/12\/numerica-dentaire-4.jpg 800w, https:\/\/numericadentaire.ca\/wp-content\/uploads\/2023\/12\/numerica-dentaire-4-300x169.jpg 300w, https:\/\/numericadentaire.ca\/wp-content\/uploads\/2023\/12\/numerica-dentaire-4-768x432.jpg 768w\" sizes=\"auto, (max-width: 800px) 100vw, 800px\" \/><\/div><\/div><\/div><script id=\"su_image_carousel_69e35f4e864ec_script\">if(window.SUImageCarousel){setTimeout(function() {window.SUImageCarousel.initGallery(document.getElementById(\"su_image_carousel_69e35f4e864ec\"))}, 0);}var su_image_carousel_69e35f4e864ec_script=document.getElementById(\"su_image_carousel_69e35f4e864ec_script\");if(su_image_carousel_69e35f4e864ec_script){su_image_carousel_69e35f4e864ec_script.parentNode.removeChild(su_image_carousel_69e35f4e864ec_script);}<\/script>\n<p>In addition to our position as a leader in digital technology and innovation, we are proud to offer a service that is unique in Quebec and based on our patient promise: Dentition for LIFE! Indeed, our mission is to give prosthesis wearers across the entire population the assurance of being able to renew their prosthesis at lower cost, and thus keep the same teeth for life, at any age.<\/p>\n<h3>Discover our new services and professionals<\/h3>\n<p>Since then, Num\u00e9rica Dentaire has even expanded with the arrival of dental surgeons. Depending on their practice, some may be responsible for the digital phase of surgery and the fitting of fixed prostheses on implants. Others provide general dentistry services to support our partially edentulous patients in their transition to single implants or partial dentures. Finally, the clinic offers on-site hygienist services, including for patients who need to follow a scaling program with close follow-ups to keep their mouths healthy after implant placement.<\/p>\n<p>By combining the full range of denturology and digital dentistry services under one roof, Num\u00e9rica Dentaire ensures personalized, integrated care for patients in search of a new reason to smile.<\/p>\n<p><strong>Contact us and we will be delighted to answer your questions, by phone at <a href=\"tel:4502270870\">450-227-0870<\/a> or by e-mail to <a href=\"mailto:info@numericadentaire.ca\"><u>info@numericadentaire.ca<\/u><\/a><\/strong><\/p>\n","protected":false},"excerpt":{"rendered":"<p>The Num\u00e9rica Dentaire clinic was created by denturologist Beno\u00eet H\u00e9bert and his team, who have a combined 65 years&#8217; experience in the dental field and implantology. A pioneer in digital prosthetics (CAD\/CAM) in Canada, denturologist Beno\u00eet H\u00e9bert decided to go completely digital in 2018, in order to put all the advantages of 3D technologies to [&hellip;]<\/p>\n","protected":false},"author":1,"featured_media":295,"parent":0,"menu_order":0,"comment_status":"closed","ping_status":"closed","template":"page-plain.php","meta":{"_acf_changed":false,"footnotes":""},"class_list":["post-498","page","type-page","status-publish","has-post-thumbnail","hentry"],"acf":[],"yoast_head":"<!-- This site is optimized with the Yoast SEO plugin v26.8 - https:\/\/yoast.com\/product\/yoast-seo-wordpress\/ -->\n<title>About us - Num\u00e9rica Dentaire<\/title>\n<meta name=\"description\" content=\"By combining the full range of denturology and digital dentistry services under one roof, Num\u00e9rica Dentaire ensures personalized, integrated care for patients in search of a new reason to smile. Contact us for more info.\" \/>\n<meta name=\"robots\" content=\"index, follow, max-snippet:-1, max-image-preview:large, max-video-preview:-1\" \/>\n<link rel=\"canonical\" href=\"https:\/\/numericadentaire.ca\/en\/about-numerica-dentaire\/\" \/>\n<meta property=\"og:locale\" content=\"en_US\" \/>\n<meta property=\"og:type\" content=\"article\" \/>\n<meta property=\"og:title\" content=\"About us - Num\u00e9rica Dentaire\" \/>\n<meta property=\"og:description\" content=\"By combining the full range of denturology and digital dentistry services under one roof, Num\u00e9rica Dentaire ensures personalized, integrated care for patients in search of a new reason to smile. Contact us for more info.\" \/>\n<meta property=\"og:url\" content=\"https:\/\/numericadentaire.ca\/en\/about-numerica-dentaire\/\" \/>\n<meta property=\"og:site_name\" content=\"Num\u00e9rica Dentaire\" \/>\n<meta property=\"article:publisher\" content=\"https:\/\/www.facebook.com\/numericadentaire.ca\" \/>\n<meta property=\"article:modified_time\" content=\"2024-04-11T20:07:19+00:00\" \/>\n<meta property=\"og:image\" content=\"https:\/\/numericadentaire.ca\/wp-content\/uploads\/2023\/12\/bg-a-propos-section.jpg\" \/>\n\t<meta property=\"og:image:width\" content=\"3000\" \/>\n\t<meta property=\"og:image:height\" content=\"498\" \/>\n\t<meta property=\"og:image:type\" content=\"image\/jpeg\" \/>\n<meta name=\"twitter:card\" content=\"summary_large_image\" \/>\n<meta name=\"twitter:label1\" content=\"Est. reading time\" \/>\n\t<meta name=\"twitter:data1\" content=\"3 minutes\" \/>\n<script type=\"application\/ld+json\" class=\"yoast-schema-graph\">{\"@context\":\"https:\/\/schema.org\",\"@graph\":[{\"@type\":\"WebPage\",\"@id\":\"https:\/\/numericadentaire.ca\/en\/about-numerica-dentaire\/\",\"url\":\"https:\/\/numericadentaire.ca\/en\/about-numerica-dentaire\/\",\"name\":\"About us - Num\u00e9rica Dentaire\",\"isPartOf\":{\"@id\":\"https:\/\/numericadentaire.ca\/en\/#website\"},\"primaryImageOfPage\":{\"@id\":\"https:\/\/numericadentaire.ca\/en\/about-numerica-dentaire\/#primaryimage\"},\"image\":{\"@id\":\"https:\/\/numericadentaire.ca\/en\/about-numerica-dentaire\/#primaryimage\"},\"thumbnailUrl\":\"https:\/\/numericadentaire.ca\/wp-content\/uploads\/2023\/12\/bg-a-propos-section.jpg\",\"datePublished\":\"2023-12-19T03:57:28+00:00\",\"dateModified\":\"2024-04-11T20:07:19+00:00\",\"description\":\"By combining the full range of denturology and digital dentistry services under one roof, Num\u00e9rica Dentaire ensures personalized, integrated care for patients in search of a new reason to smile. Contact us for more info.\",\"breadcrumb\":{\"@id\":\"https:\/\/numericadentaire.ca\/en\/about-numerica-dentaire\/#breadcrumb\"},\"inLanguage\":\"en-US\",\"potentialAction\":[{\"@type\":\"ReadAction\",\"target\":[\"https:\/\/numericadentaire.ca\/en\/about-numerica-dentaire\/\"]}]},{\"@type\":\"ImageObject\",\"inLanguage\":\"en-US\",\"@id\":\"https:\/\/numericadentaire.ca\/en\/about-numerica-dentaire\/#primaryimage\",\"url\":\"https:\/\/numericadentaire.ca\/wp-content\/uploads\/2023\/12\/bg-a-propos-section.jpg\",\"contentUrl\":\"https:\/\/numericadentaire.ca\/wp-content\/uploads\/2023\/12\/bg-a-propos-section.jpg\",\"width\":3000,\"height\":498},{\"@type\":\"BreadcrumbList\",\"@id\":\"https:\/\/numericadentaire.ca\/en\/about-numerica-dentaire\/#breadcrumb\",\"itemListElement\":[{\"@type\":\"ListItem\",\"position\":1,\"name\":\"Accueil\",\"item\":\"https:\/\/numericadentaire.ca\/en\/\"},{\"@type\":\"ListItem\",\"position\":2,\"name\":\"About us\"}]},{\"@type\":\"WebSite\",\"@id\":\"https:\/\/numericadentaire.ca\/en\/#website\",\"url\":\"https:\/\/numericadentaire.ca\/en\/\",\"name\":\"Num\u00e9rica Dentaire\",\"description\":\"Services dentaires num\u00e9riques\",\"publisher\":{\"@id\":\"https:\/\/numericadentaire.ca\/en\/#organization\"},\"potentialAction\":[{\"@type\":\"SearchAction\",\"target\":{\"@type\":\"EntryPoint\",\"urlTemplate\":\"https:\/\/numericadentaire.ca\/en\/?s={search_term_string}\"},\"query-input\":{\"@type\":\"PropertyValueSpecification\",\"valueRequired\":true,\"valueName\":\"search_term_string\"}}],\"inLanguage\":\"en-US\"},{\"@type\":\"Organization\",\"@id\":\"https:\/\/numericadentaire.ca\/en\/#organization\",\"name\":\"Num\u00e9rica Dentaire\",\"url\":\"https:\/\/numericadentaire.ca\/en\/\",\"logo\":{\"@type\":\"ImageObject\",\"inLanguage\":\"en-US\",\"@id\":\"https:\/\/numericadentaire.ca\/en\/#\/schema\/logo\/image\/\",\"url\":\"https:\/\/numericadentaire.ca\/wp-content\/uploads\/2023\/12\/numerica-dentaire-logo.png\",\"contentUrl\":\"https:\/\/numericadentaire.ca\/wp-content\/uploads\/2023\/12\/numerica-dentaire-logo.png\",\"width\":274,\"height\":88,\"caption\":\"Num\u00e9rica Dentaire\"},\"image\":{\"@id\":\"https:\/\/numericadentaire.ca\/en\/#\/schema\/logo\/image\/\"},\"sameAs\":[\"https:\/\/www.facebook.com\/numericadentaire.ca\"]}]}<\/script>\n<!-- \/ Yoast SEO plugin. -->","yoast_head_json":{"title":"About us - Num\u00e9rica Dentaire","description":"By combining the full range of denturology and digital dentistry services under one roof, Num\u00e9rica Dentaire ensures personalized, integrated care for patients in search of a new reason to smile. Contact us for more info.","robots":{"index":"index","follow":"follow","max-snippet":"max-snippet:-1","max-image-preview":"max-image-preview:large","max-video-preview":"max-video-preview:-1"},"canonical":"https:\/\/numericadentaire.ca\/en\/about-numerica-dentaire\/","og_locale":"en_US","og_type":"article","og_title":"About us - Num\u00e9rica Dentaire","og_description":"By combining the full range of denturology and digital dentistry services under one roof, Num\u00e9rica Dentaire ensures personalized, integrated care for patients in search of a new reason to smile. Contact us for more info.","og_url":"https:\/\/numericadentaire.ca\/en\/about-numerica-dentaire\/","og_site_name":"Num\u00e9rica Dentaire","article_publisher":"https:\/\/www.facebook.com\/numericadentaire.ca","article_modified_time":"2024-04-11T20:07:19+00:00","og_image":[{"width":3000,"height":498,"url":"https:\/\/numericadentaire.ca\/wp-content\/uploads\/2023\/12\/bg-a-propos-section.jpg","type":"image\/jpeg"}],"twitter_card":"summary_large_image","twitter_misc":{"Est. reading time":"3 minutes"},"schema":{"@context":"https:\/\/schema.org","@graph":[{"@type":"WebPage","@id":"https:\/\/numericadentaire.ca\/en\/about-numerica-dentaire\/","url":"https:\/\/numericadentaire.ca\/en\/about-numerica-dentaire\/","name":"About us - Num\u00e9rica Dentaire","isPartOf":{"@id":"https:\/\/numericadentaire.ca\/en\/#website"},"primaryImageOfPage":{"@id":"https:\/\/numericadentaire.ca\/en\/about-numerica-dentaire\/#primaryimage"},"image":{"@id":"https:\/\/numericadentaire.ca\/en\/about-numerica-dentaire\/#primaryimage"},"thumbnailUrl":"https:\/\/numericadentaire.ca\/wp-content\/uploads\/2023\/12\/bg-a-propos-section.jpg","datePublished":"2023-12-19T03:57:28+00:00","dateModified":"2024-04-11T20:07:19+00:00","description":"By combining the full range of denturology and digital dentistry services under one roof, Num\u00e9rica Dentaire ensures personalized, integrated care for patients in search of a new reason to smile. Contact us for more info.","breadcrumb":{"@id":"https:\/\/numericadentaire.ca\/en\/about-numerica-dentaire\/#breadcrumb"},"inLanguage":"en-US","potentialAction":[{"@type":"ReadAction","target":["https:\/\/numericadentaire.ca\/en\/about-numerica-dentaire\/"]}]},{"@type":"ImageObject","inLanguage":"en-US","@id":"https:\/\/numericadentaire.ca\/en\/about-numerica-dentaire\/#primaryimage","url":"https:\/\/numericadentaire.ca\/wp-content\/uploads\/2023\/12\/bg-a-propos-section.jpg","contentUrl":"https:\/\/numericadentaire.ca\/wp-content\/uploads\/2023\/12\/bg-a-propos-section.jpg","width":3000,"height":498},{"@type":"BreadcrumbList","@id":"https:\/\/numericadentaire.ca\/en\/about-numerica-dentaire\/#breadcrumb","itemListElement":[{"@type":"ListItem","position":1,"name":"Accueil","item":"https:\/\/numericadentaire.ca\/en\/"},{"@type":"ListItem","position":2,"name":"About us"}]},{"@type":"WebSite","@id":"https:\/\/numericadentaire.ca\/en\/#website","url":"https:\/\/numericadentaire.ca\/en\/","name":"Num\u00e9rica Dentaire","description":"Services dentaires num\u00e9riques","publisher":{"@id":"https:\/\/numericadentaire.ca\/en\/#organization"},"potentialAction":[{"@type":"SearchAction","target":{"@type":"EntryPoint","urlTemplate":"https:\/\/numericadentaire.ca\/en\/?s={search_term_string}"},"query-input":{"@type":"PropertyValueSpecification","valueRequired":true,"valueName":"search_term_string"}}],"inLanguage":"en-US"},{"@type":"Organization","@id":"https:\/\/numericadentaire.ca\/en\/#organization","name":"Num\u00e9rica Dentaire","url":"https:\/\/numericadentaire.ca\/en\/","logo":{"@type":"ImageObject","inLanguage":"en-US","@id":"https:\/\/numericadentaire.ca\/en\/#\/schema\/logo\/image\/","url":"https:\/\/numericadentaire.ca\/wp-content\/uploads\/2023\/12\/numerica-dentaire-logo.png","contentUrl":"https:\/\/numericadentaire.ca\/wp-content\/uploads\/2023\/12\/numerica-dentaire-logo.png","width":274,"height":88,"caption":"Num\u00e9rica Dentaire"},"image":{"@id":"https:\/\/numericadentaire.ca\/en\/#\/schema\/logo\/image\/"},"sameAs":["https:\/\/www.facebook.com\/numericadentaire.ca"]}]}},"_links":{"self":[{"href":"https:\/\/numericadentaire.ca\/en\/wp-json\/wp\/v2\/pages\/498","targetHints":{"allow":["GET"]}}],"collection":[{"href":"https:\/\/numericadentaire.ca\/en\/wp-json\/wp\/v2\/pages"}],"about":[{"href":"https:\/\/numericadentaire.ca\/en\/wp-json\/wp\/v2\/types\/page"}],"author":[{"embeddable":true,"href":"https:\/\/numericadentaire.ca\/en\/wp-json\/wp\/v2\/users\/1"}],"replies":[{"embeddable":true,"href":"https:\/\/numericadentaire.ca\/en\/wp-json\/wp\/v2\/comments?post=498"}],"version-history":[{"count":3,"href":"https:\/\/numericadentaire.ca\/en\/wp-json\/wp\/v2\/pages\/498\/revisions"}],"predecessor-version":[{"id":526,"href":"https:\/\/numericadentaire.ca\/en\/wp-json\/wp\/v2\/pages\/498\/revisions\/526"}],"wp:featuredmedia":[{"embeddable":true,"href":"https:\/\/numericadentaire.ca\/en\/wp-json\/wp\/v2\/media\/295"}],"wp:attachment":[{"href":"https:\/\/numericadentaire.ca\/en\/wp-json\/wp\/v2\/media?parent=498"}],"curies":[{"name":"wp","href":"https:\/\/api.w.org\/{rel}","templated":true}]}}